{"id":2947,"date":"2024-11-05T12:38:31","date_gmt":"2024-11-05T14:38:31","guid":{"rendered":"https:\/\/www.poolseg.com.br\/blog\/?page_id=2947"},"modified":"2024-11-05T12:38:32","modified_gmt":"2024-11-05T14:38:32","slug":"quem-somos","status":"publish","type":"page","link":"https:\/\/www.poolseg.com.br\/blog\/quem-somos\/","title":{"rendered":"Quem somos?"},"content":{"rendered":"\n<p>Fundada em 1995, a Poolseg Corretora de Seguros nasceu de um grupo de empres\u00e1rios reunidos sob a holding Pool Administra\u00e7\u00e3o, Participa\u00e7\u00e3o e Empreendimentos Ltda., com o objetivo de oferecer uma corretora de seguros de alta qualidade e foco na satisfa\u00e7\u00e3o do cliente. Desde o in\u00edcio, a Poolseg destacou-se por oferecer consultoria especializada em seguros, proporcionando aos clientes mais do que a simples venda de ap\u00f3lices, mas um profundo conhecimento sobre produtos de seguro e coberturas de seguros, adaptadas \u00e0s necessidades de cada um.<\/p>\n\n\n\n<p>Com o passar dos anos, a Poolseg passou por transforma\u00e7\u00f5es importantes. Em 2006, a atual administra\u00e7\u00e3o assumiu a dire\u00e7\u00e3o, liderada por Ervino Jos\u00e9 Scheeren, um dos fundadores. Sob sua gest\u00e3o, a corretora refor\u00e7ou seu compromisso com a seguran\u00e7a com responsabilidade e buscou estabelecer-se como refer\u00eancia em excel\u00eancia na gest\u00e3o de seguros e qualidade de atendimento. Internamente, a Poolseg promove a capacita\u00e7\u00e3o de seus colaboradores e a participa\u00e7\u00e3o em a\u00e7\u00f5es comunit\u00e1rias, fortalecendo um ambiente de evolu\u00e7\u00e3o e responsabilidade social.<\/p>\n\n\n\n<p>A inova\u00e7\u00e3o tecnol\u00f3gica sempre foi uma prioridade para a Poolseg. Com o apoio de Vin\u00edcius Scheeren, gerente de desenvolvimento, a corretora desenvolveu um sistema pr\u00f3prio de gerenciamento de informa\u00e7\u00f5es de clientes e de relacionamento com o cliente, garantindo atendimento \u00e1gil e resolutivo. Esse compromisso com a tecnologia em seguros permite que a Poolseg identifique e resolva rapidamente qualquer insatisfa\u00e7\u00e3o, o que fortalece o v\u00ednculo de confian\u00e7a com seus clientes e consolida a corretora como uma refer\u00eancia no mercado de seguros.<\/p>\n\n\n\n<p>Atualmente, a Poolseg aprimora continuamente seus processos para atender \u00e0s necessidades de cada cliente de forma personalizada. Nosso compromisso \u00e9 oferecer produtos de seguro inovadores e acess\u00edveis, que atendam diferentes perfis e proporcionem seguran\u00e7a e tranquilidade em cada intermedia\u00e7\u00e3o de seguros.<\/p>\n\n\n\n<figure class=\"wp-block-image size-large\"><img loading=\"lazy\" decoding=\"async\" width=\"1024\" height=\"769\" src=\"https:\/\/www.poolseg.com.br\/blog\/wp-content\/uploads\/2024\/11\/Poolseg-Equipe-1-1024x769.jpg\" alt=\"\" class=\"wp-image-2958\" srcset=\"https:\/\/www.poolseg.com.br\/blog\/wp-content\/uploads\/2024\/11\/Poolseg-Equipe-1-1024x769.jpg 1024w, https:\/\/www.poolseg.com.br\/blog\/wp-content\/uploads\/2024\/11\/Poolseg-Equipe-1-300x225.jpg 300w, https:\/\/www.poolseg.com.br\/blog\/wp-content\/uploads\/2024\/11\/Poolseg-Equipe-1-768x576.jpg 768w, https:\/\/www.poolseg.com.br\/blog\/wp-content\/uploads\/2024\/11\/Poolseg-Equipe-1-720x540.jpg 720w, https:\/\/www.poolseg.com.br\/blog\/wp-content\/uploads\/2024\/11\/Poolseg-Equipe-1.jpg 1359w\" sizes=\"auto, (max-width: 1024px) 100vw, 1024px\" \/><\/figure>\n","protected":false},"excerpt":{"rendered":"<p>Fundada em 1995, a Poolseg Corretora de Seguros nasceu de um grupo de empres\u00e1rios reunidos<\/p>\n","protected":false},"author":6,"featured_media":0,"parent":0,"menu_order":0,"comment_status":"closed","ping_status":"closed","template":"","meta":{"_monsterinsights_skip_tracking":false,"_monsterinsights_sitenote_active":false,"_monsterinsights_sitenote_note":"","_monsterinsights_sitenote_category":0,"_uf_show_specific_survey":0,"_uf_disable_surveys":false,"_joinchat":[],"footnotes":""},"class_list":["post-2947","page","type-page","status-publish","hentry"],"aioseo_notices":[],"yoast_head":"<!-- This site is optimized with the Yoast SEO plugin v26.1.1 - https:\/\/yoast.com\/wordpress\/plugins\/seo\/ -->\n<title>Quem somos? - Blog da Poolseg<\/title>\n<meta name=\"robots\" content=\"index, follow, max-snippet:-1, max-image-preview:large, max-video-preview:-1\" \/>\n<link rel=\"canonical\" href=\"https:\/\/www.poolseg.com.br\/blog\/quem-somos\/\" \/>\n<meta property=\"og:locale\" content=\"pt_BR\" \/>\n<meta property=\"og:type\" content=\"article\" \/>\n<meta property=\"og:title\" content=\"Quem somos? - Blog da Poolseg\" \/>\n<meta property=\"og:description\" content=\"Fundada em 1995, a Poolseg Corretora de Seguros nasceu de um grupo de empres\u00e1rios reunidos\" \/>\n<meta property=\"og:url\" content=\"https:\/\/www.poolseg.com.br\/blog\/quem-somos\/\" \/>\n<meta property=\"og:site_name\" content=\"Blog da Poolseg\" \/>\n<meta property=\"article:publisher\" content=\"https:\/\/www.facebook.com\/Poolseg\/\" \/>\n<meta property=\"article:modified_time\" content=\"2024-11-05T14:38:32+00:00\" \/>\n<meta property=\"og:image\" content=\"https:\/\/www.poolseg.com.br\/blog\/wp-content\/uploads\/2024\/11\/Poolseg-Equipe-1.jpg\" \/>\n\t<meta property=\"og:image:width\" content=\"1359\" \/>\n\t<meta property=\"og:image:height\" content=\"1020\" \/>\n\t<meta property=\"og:image:type\" content=\"image\/jpeg\" \/>\n<meta name=\"twitter:card\" content=\"summary_large_image\" \/>\n<meta name=\"twitter:label1\" content=\"Est. tempo de leitura\" \/>\n\t<meta name=\"twitter:data1\" content=\"2 minutos\" \/>\n<script type=\"application\/ld+json\" class=\"yoast-schema-graph\">{\"@context\":\"https:\/\/schema.org\",\"@graph\":[{\"@type\":\"WebPage\",\"@id\":\"https:\/\/www.poolseg.com.br\/blog\/quem-somos\/\",\"url\":\"https:\/\/www.poolseg.com.br\/blog\/quem-somos\/\",\"name\":\"Quem somos? - Blog da Poolseg\",\"isPartOf\":{\"@id\":\"https:\/\/www.poolseg.com.br\/blog\/#website\"},\"primaryImageOfPage\":{\"@id\":\"https:\/\/www.poolseg.com.br\/blog\/quem-somos\/#primaryimage\"},\"image\":{\"@id\":\"https:\/\/www.poolseg.com.br\/blog\/quem-somos\/#primaryimage\"},\"thumbnailUrl\":\"https:\/\/www.poolseg.com.br\/blog\/wp-content\/uploads\/2024\/11\/Poolseg-Equipe-1-1024x769.jpg\",\"datePublished\":\"2024-11-05T14:38:31+00:00\",\"dateModified\":\"2024-11-05T14:38:32+00:00\",\"breadcrumb\":{\"@id\":\"https:\/\/www.poolseg.com.br\/blog\/quem-somos\/#breadcrumb\"},\"inLanguage\":\"pt-BR\",\"potentialAction\":[{\"@type\":\"ReadAction\",\"target\":[\"https:\/\/www.poolseg.com.br\/blog\/quem-somos\/\"]}]},{\"@type\":\"ImageObject\",\"inLanguage\":\"pt-BR\",\"@id\":\"https:\/\/www.poolseg.com.br\/blog\/quem-somos\/#primaryimage\",\"url\":\"https:\/\/www.poolseg.com.br\/blog\/wp-content\/uploads\/2024\/11\/Poolseg-Equipe-1.jpg\",\"contentUrl\":\"https:\/\/www.poolseg.com.br\/blog\/wp-content\/uploads\/2024\/11\/Poolseg-Equipe-1.jpg\",\"width\":1359,\"height\":1020},{\"@type\":\"BreadcrumbList\",\"@id\":\"https:\/\/www.poolseg.com.br\/blog\/quem-somos\/#breadcrumb\",\"itemListElement\":[{\"@type\":\"ListItem\",\"position\":1,\"name\":\"Home\",\"item\":\"https:\/\/www.poolseg.com.br\/blog\/\"},{\"@type\":\"ListItem\",\"position\":2,\"name\":\"Quem somos?\"}]},{\"@type\":\"WebSite\",\"@id\":\"https:\/\/www.poolseg.com.br\/blog\/#website\",\"url\":\"https:\/\/www.poolseg.com.br\/blog\/\",\"name\":\"Blog da Poolseg\",\"description\":\"\",\"publisher\":{\"@id\":\"https:\/\/www.poolseg.com.br\/blog\/#organization\"},\"potentialAction\":[{\"@type\":\"SearchAction\",\"target\":{\"@type\":\"EntryPoint\",\"urlTemplate\":\"https:\/\/www.poolseg.com.br\/blog\/?s={search_term_string}\"},\"query-input\":{\"@type\":\"PropertyValueSpecification\",\"valueRequired\":true,\"valueName\":\"search_term_string\"}}],\"inLanguage\":\"pt-BR\"},{\"@type\":\"Organization\",\"@id\":\"https:\/\/www.poolseg.com.br\/blog\/#organization\",\"name\":\"Poolseg Corretora de Seguros Ltda.\",\"url\":\"https:\/\/www.poolseg.com.br\/blog\/\",\"logo\":{\"@type\":\"ImageObject\",\"inLanguage\":\"pt-BR\",\"@id\":\"https:\/\/www.poolseg.com.br\/blog\/#\/schema\/logo\/image\/\",\"url\":\"https:\/\/www.poolseg.com.br\/blog\/wp-content\/uploads\/2024\/09\/Logo-com-Transparencia.png\",\"contentUrl\":\"https:\/\/www.poolseg.com.br\/blog\/wp-content\/uploads\/2024\/09\/Logo-com-Transparencia.png\",\"width\":1134,\"height\":850,\"caption\":\"Poolseg Corretora de Seguros Ltda.\"},\"image\":{\"@id\":\"https:\/\/www.poolseg.com.br\/blog\/#\/schema\/logo\/image\/\"},\"sameAs\":[\"https:\/\/www.facebook.com\/Poolseg\/\"]}]}<\/script>\n<!-- \/ Yoast SEO plugin. -->","yoast_head_json":{"title":"Quem somos? - Blog da Poolseg","robots":{"index":"index","follow":"follow","max-snippet":"max-snippet:-1","max-image-preview":"max-image-preview:large","max-video-preview":"max-video-preview:-1"},"canonical":"https:\/\/www.poolseg.com.br\/blog\/quem-somos\/","og_locale":"pt_BR","og_type":"article","og_title":"Quem somos? - Blog da Poolseg","og_description":"Fundada em 1995, a Poolseg Corretora de Seguros nasceu de um grupo de empres\u00e1rios reunidos","og_url":"https:\/\/www.poolseg.com.br\/blog\/quem-somos\/","og_site_name":"Blog da Poolseg","article_publisher":"https:\/\/www.facebook.com\/Poolseg\/","article_modified_time":"2024-11-05T14:38:32+00:00","og_image":[{"width":1359,"height":1020,"url":"https:\/\/www.poolseg.com.br\/blog\/wp-content\/uploads\/2024\/11\/Poolseg-Equipe-1.jpg","type":"image\/jpeg"}],"twitter_card":"summary_large_image","twitter_misc":{"Est. tempo de leitura":"2 minutos"},"schema":{"@context":"https:\/\/schema.org","@graph":[{"@type":"WebPage","@id":"https:\/\/www.poolseg.com.br\/blog\/quem-somos\/","url":"https:\/\/www.poolseg.com.br\/blog\/quem-somos\/","name":"Quem somos? - Blog da Poolseg","isPartOf":{"@id":"https:\/\/www.poolseg.com.br\/blog\/#website"},"primaryImageOfPage":{"@id":"https:\/\/www.poolseg.com.br\/blog\/quem-somos\/#primaryimage"},"image":{"@id":"https:\/\/www.poolseg.com.br\/blog\/quem-somos\/#primaryimage"},"thumbnailUrl":"https:\/\/www.poolseg.com.br\/blog\/wp-content\/uploads\/2024\/11\/Poolseg-Equipe-1-1024x769.jpg","datePublished":"2024-11-05T14:38:31+00:00","dateModified":"2024-11-05T14:38:32+00:00","breadcrumb":{"@id":"https:\/\/www.poolseg.com.br\/blog\/quem-somos\/#breadcrumb"},"inLanguage":"pt-BR","potentialAction":[{"@type":"ReadAction","target":["https:\/\/www.poolseg.com.br\/blog\/quem-somos\/"]}]},{"@type":"ImageObject","inLanguage":"pt-BR","@id":"https:\/\/www.poolseg.com.br\/blog\/quem-somos\/#primaryimage","url":"https:\/\/www.poolseg.com.br\/blog\/wp-content\/uploads\/2024\/11\/Poolseg-Equipe-1.jpg","contentUrl":"https:\/\/www.poolseg.com.br\/blog\/wp-content\/uploads\/2024\/11\/Poolseg-Equipe-1.jpg","width":1359,"height":1020},{"@type":"BreadcrumbList","@id":"https:\/\/www.poolseg.com.br\/blog\/quem-somos\/#breadcrumb","itemListElement":[{"@type":"ListItem","position":1,"name":"Home","item":"https:\/\/www.poolseg.com.br\/blog\/"},{"@type":"ListItem","position":2,"name":"Quem somos?"}]},{"@type":"WebSite","@id":"https:\/\/www.poolseg.com.br\/blog\/#website","url":"https:\/\/www.poolseg.com.br\/blog\/","name":"Blog da Poolseg","description":"","publisher":{"@id":"https:\/\/www.poolseg.com.br\/blog\/#organization"},"potentialAction":[{"@type":"SearchAction","target":{"@type":"EntryPoint","urlTemplate":"https:\/\/www.poolseg.com.br\/blog\/?s={search_term_string}"},"query-input":{"@type":"PropertyValueSpecification","valueRequired":true,"valueName":"search_term_string"}}],"inLanguage":"pt-BR"},{"@type":"Organization","@id":"https:\/\/www.poolseg.com.br\/blog\/#organization","name":"Poolseg Corretora de Seguros Ltda.","url":"https:\/\/www.poolseg.com.br\/blog\/","logo":{"@type":"ImageObject","inLanguage":"pt-BR","@id":"https:\/\/www.poolseg.com.br\/blog\/#\/schema\/logo\/image\/","url":"https:\/\/www.poolseg.com.br\/blog\/wp-content\/uploads\/2024\/09\/Logo-com-Transparencia.png","contentUrl":"https:\/\/www.poolseg.com.br\/blog\/wp-content\/uploads\/2024\/09\/Logo-com-Transparencia.png","width":1134,"height":850,"caption":"Poolseg Corretora de Seguros Ltda."},"image":{"@id":"https:\/\/www.poolseg.com.br\/blog\/#\/schema\/logo\/image\/"},"sameAs":["https:\/\/www.facebook.com\/Poolseg\/"]}]}},"_links":{"self":[{"href":"https:\/\/www.poolseg.com.br\/blog\/wp-json\/wp\/v2\/pages\/2947","targetHints":{"allow":["GET"]}}],"collection":[{"href":"https:\/\/www.poolseg.com.br\/blog\/wp-json\/wp\/v2\/pages"}],"about":[{"href":"https:\/\/www.poolseg.com.br\/blog\/wp-json\/wp\/v2\/types\/page"}],"author":[{"embeddable":true,"href":"https:\/\/www.poolseg.com.br\/blog\/wp-json\/wp\/v2\/users\/6"}],"replies":[{"embeddable":true,"href":"https:\/\/www.poolseg.com.br\/blog\/wp-json\/wp\/v2\/comments?post=2947"}],"version-history":[{"count":4,"href":"https:\/\/www.poolseg.com.br\/blog\/wp-json\/wp\/v2\/pages\/2947\/revisions"}],"predecessor-version":[{"id":2959,"href":"https:\/\/www.poolseg.com.br\/blog\/wp-json\/wp\/v2\/pages\/2947\/revisions\/2959"}],"wp:attachment":[{"href":"https:\/\/www.poolseg.com.br\/blog\/wp-json\/wp\/v2\/media?parent=2947"}],"curies":[{"name":"wp","href":"https:\/\/api.w.org\/{rel}","templated":true}]}}