{"id":2934,"date":"2024-11-05T10:37:08","date_gmt":"2024-11-05T12:37:08","guid":{"rendered":"https:\/\/www.poolseg.com.br\/blog\/?page_id=2934"},"modified":"2024-11-05T12:04:48","modified_gmt":"2024-11-05T14:04:48","slug":"fale-conosco","status":"publish","type":"page","link":"https:\/\/www.poolseg.com.br\/blog\/fale-conosco\/","title":{"rendered":"Fale Conosco"},"content":{"rendered":"\n<hr class=\"wp-block-separator\"\/>\n\n\n\n<p><\/p>\n\n\n\n<h5 class=\"wp-block-heading\">Quer mandar uma mensagem?<\/h5>\n\n\n\n<p>Para d\u00favidas, solicita\u00e7\u00e3o, reclama\u00e7\u00e3o ou elogio.<\/p>\n\n\n\n<p>Caso deseje, voc\u00ea pode entrar em contato pelo nosso <span style=\"color:#00ff40\" class=\"has-inline-color\"><a rel=\"noreferrer noopener\" href=\"https:\/\/w.app\/poolseg\" data-type=\"URL\" data-id=\"https:\/\/w.app\/poolseg\" target=\"_blank\">Whatsapp<\/a><\/span>, pelo Telefone (51)3762-7233 ou pelo  email <a rel=\"noreferrer noopener\" href=\"mailto:poolseg@poolseg.com.br\" target=\"_blank\">poolseg@poolseg.com.br<\/a>.<\/p>\n\n\n<div class=\"wpforms-container wpforms-container-full wpforms-block wpforms-render-modern\" id=\"wpforms-2482\"><form id=\"wpforms-form-2482\" class=\"wpforms-validate wpforms-form wpforms-ajax-form\" data-formid=\"2482\" method=\"post\" enctype=\"multipart\/form-data\" action=\"\/blog\/wp-json\/wp\/v2\/pages\/2934\" data-token=\"7337a85efabee253a6d4d48c6fbff6fe\" data-token-time=\"1776353607\"><noscript class=\"wpforms-error-noscript\">Ative o JavaScript no seu navegador para preencher este formul\u00e1rio.<\/noscript><div id=\"wpforms-error-noscript\" style=\"display: none;\">Ative o JavaScript no seu navegador para preencher este formul\u00e1rio.<\/div><div class=\"wpforms-field-container\"><div id=\"wpforms-2482-field_5-container\" class=\"wpforms-field wpforms-field-text\" data-field-id=\"5\"><label class=\"wpforms-field-label\" for=\"wpforms-2482-field_5\">Nome <span class=\"wpforms-required-label\" aria-hidden=\"true\">*<\/span><\/label><input type=\"text\" id=\"wpforms-2482-field_5\" class=\"wpforms-field-medium wpforms-field-required\" name=\"wpforms[fields][5]\" placeholder=\"Ex. Jo\u00e3o da Silva\" aria-errormessage=\"wpforms-2482-field_5-error\" required><\/div><div id=\"wpforms-2482-field_6-container\" class=\"wpforms-field wpforms-field-text\" data-field-id=\"6\"><label class=\"wpforms-field-label\" for=\"wpforms-2482-field_6\">Email <span class=\"wpforms-required-label\" aria-hidden=\"true\">*<\/span><\/label><input type=\"text\" id=\"wpforms-2482-field_6\" class=\"wpforms-field-medium wpforms-field-required\" name=\"wpforms[fields][6]\" placeholder=\"Ex. xxxx@xxx.com.br\" aria-errormessage=\"wpforms-2482-field_6-error\" required><\/div>\t\t<div id=\"wpforms-2482-field_1-container\"\n\t\t\tclass=\"wpforms-field wpforms-field-text\"\n\t\t\tdata-field-type=\"text\"\n\t\t\tdata-field-id=\"1\"\n\t\t\t>\n\t\t\t<label class=\"wpforms-field-label\" for=\"wpforms-2482-field_1\" >Produto Telefone Email<\/label>\n\t\t\t<input type=\"text\" id=\"wpforms-2482-field_1\" class=\"wpforms-field-medium\" name=\"wpforms[fields][1]\" >\n\t\t<\/div>\n\t\t<div id=\"wpforms-2482-field_7-container\" class=\"wpforms-field wpforms-field-text\" data-field-id=\"7\"><label class=\"wpforms-field-label\" for=\"wpforms-2482-field_7\">Telefone <span class=\"wpforms-required-label\" aria-hidden=\"true\">*<\/span><\/label><input type=\"text\" id=\"wpforms-2482-field_7\" class=\"wpforms-field-medium wpforms-field-required wpforms-masked-input\" data-rule-inputmask-incomplete=\"1\" data-inputmask-mask=\"(99)99999-9999\" name=\"wpforms[fields][7]\" placeholder=\"(99)99999-9999\" aria-errormessage=\"wpforms-2482-field_7-error\" required><\/div><div id=\"wpforms-2482-field_8-container\" class=\"wpforms-field wpforms-field-select wpforms-field-select-style-classic\" data-field-id=\"8\"><label class=\"wpforms-field-label\" for=\"wpforms-2482-field_8\">Motivo<\/label><select id=\"wpforms-2482-field_8\" class=\"wpforms-field-medium\" name=\"wpforms[fields][8]\"><option value=\"\" class=\"placeholder\" disabled  selected='selected'>&#8212; selecione um motivo &#8212;<\/option><option value=\"Elogios\"  class=\"choice-1 depth-1\"  >Elogios<\/option><option value=\"Reclama\u00e7\u00e3o\"  class=\"choice-2 depth-1\"  >Reclama\u00e7\u00e3o<\/option><option value=\"Sugest\u00e3o\"  class=\"choice-3 depth-1\"  >Sugest\u00e3o<\/option><option value=\"Solicita\u00e7\u00e3o de Cota\u00e7\u00e3o\/Simula\u00e7\u00e3o\"  class=\"choice-6 depth-1\"  >Solicita\u00e7\u00e3o de Cota\u00e7\u00e3o\/Simula\u00e7\u00e3o<\/option><option value=\"Altera\u00e7\u00f5es de Seguro\"  class=\"choice-5 depth-1\"  >Altera\u00e7\u00f5es de Seguro<\/option><option value=\"Cobran\u00e7a\/Situa\u00e7\u00e3o de Pagamento\"  class=\"choice-4 depth-1\"  >Cobran\u00e7a\/Situa\u00e7\u00e3o de Pagamento<\/option><option value=\"Sinistro\"  class=\"choice-7 depth-1\"  >Sinistro<\/option><option value=\"Cancelamento de Seguro\"  class=\"choice-8 depth-1\"  >Cancelamento de Seguro<\/option><\/select><\/div><div id=\"wpforms-2482-field_9-container\" class=\"wpforms-field wpforms-field-select wpforms-field-select-style-classic\" data-field-id=\"9\"><label class=\"wpforms-field-label\" for=\"wpforms-2482-field_9\">Produto<\/label><select id=\"wpforms-2482-field_9\" class=\"wpforms-field-medium\" name=\"wpforms[fields][9]\"><option value=\"\" class=\"placeholder\" disabled  selected='selected'>&#8212; selecione um produto &#8212;<\/option><option value=\"Seguro Auto\"  class=\"choice-1 depth-1\"  >Seguro Auto<\/option><option value=\"Seguro Residencial\"  class=\"choice-2 depth-1\"  >Seguro Residencial<\/option><option value=\"Seguro Viagem\"  class=\"choice-4 depth-1\"  >Seguro Viagem<\/option><option value=\"Seguro de Vida\"  class=\"choice-5 depth-1\"  >Seguro de Vida<\/option><option value=\"Seguro Empresarial\"  class=\"choice-6 depth-1\"  >Seguro Empresarial<\/option><\/select><\/div><div id=\"wpforms-2482-field_10-container\" class=\"wpforms-field wpforms-field-textarea\" data-field-id=\"10\"><label class=\"wpforms-field-label\" for=\"wpforms-2482-field_10\">Mensagem<\/label><textarea id=\"wpforms-2482-field_10\" class=\"wpforms-field-large\" name=\"wpforms[fields][10]\" aria-errormessage=\"wpforms-2482-field_10-error\" ><\/textarea><\/div><script>\n\t\t\t\t( function() {\n\t\t\t\t\tconst style = document.createElement( 'style' );\n\t\t\t\t\tstyle.appendChild( document.createTextNode( '#wpforms-2482-field_1-container { position: absolute !important; overflow: hidden !important; display: inline !important; height: 1px !important; width: 1px !important; z-index: -1000 !important; padding: 0 !important; } #wpforms-2482-field_1-container input { visibility: hidden; } #wpforms-conversational-form-page #wpforms-2482-field_1-container label { counter-increment: none; }' ) );\n\t\t\t\t\tdocument.head.appendChild( style );\n\t\t\t\t\tdocument.currentScript?.remove();\n\t\t\t\t} )();\n\t\t\t<\/script><\/div><!-- .wpforms-field-container --><div class=\"wpforms-submit-container\" ><input type=\"hidden\" name=\"wpforms[id]\" value=\"2482\"><input type=\"hidden\" name=\"page_title\" value=\"\"><input type=\"hidden\" name=\"page_url\" value=\"https:\/\/www.poolseg.com.br\/blog\/wp-json\/wp\/v2\/pages\/2934\"><input type=\"hidden\" name=\"url_referer\" value=\"\"><button type=\"submit\" name=\"wpforms[submit]\" id=\"wpforms-submit-2482\" class=\"wpforms-submit\" data-alt-text=\"Sending...\" data-submit-text=\"Submit\" aria-live=\"assertive\" value=\"wpforms-submit\">Submit<\/button><img loading=\"lazy\" decoding=\"async\" src=\"https:\/\/www.poolseg.com.br\/blog\/wp-content\/plugins\/wpforms-lite\/assets\/images\/submit-spin.svg\" class=\"wpforms-submit-spinner\" style=\"display: none;\" width=\"26\" height=\"26\" alt=\"Carregando\"><\/div><\/form><\/div>  <!-- .wpforms-container -->","protected":false},"excerpt":{"rendered":"<p>Quer mandar uma mensagem? Para d\u00favidas, solicita\u00e7\u00e3o, reclama\u00e7\u00e3o ou elogio. Caso deseje, voc\u00ea pode entrar<\/p>\n","protected":false},"author":6,"featured_media":0,"parent":0,"menu_order":0,"comment_status":"closed","ping_status":"closed","template":"","meta":{"_monsterinsights_skip_tracking":false,"_monsterinsights_sitenote_active":false,"_monsterinsights_sitenote_note":"","_monsterinsights_sitenote_category":0,"_uf_show_specific_survey":0,"_uf_disable_surveys":false,"_joinchat":[],"footnotes":""},"class_list":["post-2934","page","type-page","status-publish","hentry"],"aioseo_notices":[],"yoast_head":"<!-- This site is optimized with the Yoast SEO plugin v26.1.1 - https:\/\/yoast.com\/wordpress\/plugins\/seo\/ -->\n<title>Fale Conosco - Blog da Poolseg<\/title>\n<meta name=\"robots\" content=\"index, follow, max-snippet:-1, max-image-preview:large, max-video-preview:-1\" \/>\n<link rel=\"canonical\" href=\"https:\/\/www.poolseg.com.br\/blog\/fale-conosco\/\" \/>\n<meta property=\"og:locale\" content=\"pt_BR\" \/>\n<meta property=\"og:type\" content=\"article\" \/>\n<meta property=\"og:title\" content=\"Fale Conosco - Blog da Poolseg\" \/>\n<meta property=\"og:description\" content=\"Quer mandar uma mensagem? Para d\u00favidas, solicita\u00e7\u00e3o, reclama\u00e7\u00e3o ou elogio. Caso deseje, voc\u00ea pode entrar\" \/>\n<meta property=\"og:url\" content=\"https:\/\/www.poolseg.com.br\/blog\/fale-conosco\/\" \/>\n<meta property=\"og:site_name\" content=\"Blog da Poolseg\" \/>\n<meta property=\"article:publisher\" content=\"https:\/\/www.facebook.com\/Poolseg\/\" \/>\n<meta property=\"article:modified_time\" content=\"2024-11-05T14:04:48+00:00\" \/>\n<meta name=\"twitter:card\" content=\"summary_large_image\" \/>\n<script type=\"application\/ld+json\" class=\"yoast-schema-graph\">{\"@context\":\"https:\/\/schema.org\",\"@graph\":[{\"@type\":\"WebPage\",\"@id\":\"https:\/\/www.poolseg.com.br\/blog\/fale-conosco\/\",\"url\":\"https:\/\/www.poolseg.com.br\/blog\/fale-conosco\/\",\"name\":\"Fale Conosco - Blog da Poolseg\",\"isPartOf\":{\"@id\":\"https:\/\/www.poolseg.com.br\/blog\/#website\"},\"datePublished\":\"2024-11-05T12:37:08+00:00\",\"dateModified\":\"2024-11-05T14:04:48+00:00\",\"breadcrumb\":{\"@id\":\"https:\/\/www.poolseg.com.br\/blog\/fale-conosco\/#breadcrumb\"},\"inLanguage\":\"pt-BR\",\"potentialAction\":[{\"@type\":\"ReadAction\",\"target\":[\"https:\/\/www.poolseg.com.br\/blog\/fale-conosco\/\"]}]},{\"@type\":\"BreadcrumbList\",\"@id\":\"https:\/\/www.poolseg.com.br\/blog\/fale-conosco\/#breadcrumb\",\"itemListElement\":[{\"@type\":\"ListItem\",\"position\":1,\"name\":\"Home\",\"item\":\"https:\/\/www.poolseg.com.br\/blog\/\"},{\"@type\":\"ListItem\",\"position\":2,\"name\":\"Fale Conosco\"}]},{\"@type\":\"WebSite\",\"@id\":\"https:\/\/www.poolseg.com.br\/blog\/#website\",\"url\":\"https:\/\/www.poolseg.com.br\/blog\/\",\"name\":\"Blog da Poolseg\",\"description\":\"\",\"publisher\":{\"@id\":\"https:\/\/www.poolseg.com.br\/blog\/#organization\"},\"potentialAction\":[{\"@type\":\"SearchAction\",\"target\":{\"@type\":\"EntryPoint\",\"urlTemplate\":\"https:\/\/www.poolseg.com.br\/blog\/?s={search_term_string}\"},\"query-input\":{\"@type\":\"PropertyValueSpecification\",\"valueRequired\":true,\"valueName\":\"search_term_string\"}}],\"inLanguage\":\"pt-BR\"},{\"@type\":\"Organization\",\"@id\":\"https:\/\/www.poolseg.com.br\/blog\/#organization\",\"name\":\"Poolseg Corretora de Seguros Ltda.\",\"url\":\"https:\/\/www.poolseg.com.br\/blog\/\",\"logo\":{\"@type\":\"ImageObject\",\"inLanguage\":\"pt-BR\",\"@id\":\"https:\/\/www.poolseg.com.br\/blog\/#\/schema\/logo\/image\/\",\"url\":\"https:\/\/www.poolseg.com.br\/blog\/wp-content\/uploads\/2024\/09\/Logo-com-Transparencia.png\",\"contentUrl\":\"https:\/\/www.poolseg.com.br\/blog\/wp-content\/uploads\/2024\/09\/Logo-com-Transparencia.png\",\"width\":1134,\"height\":850,\"caption\":\"Poolseg Corretora de Seguros Ltda.\"},\"image\":{\"@id\":\"https:\/\/www.poolseg.com.br\/blog\/#\/schema\/logo\/image\/\"},\"sameAs\":[\"https:\/\/www.facebook.com\/Poolseg\/\"]}]}<\/script>\n<!-- \/ Yoast SEO plugin. -->","yoast_head_json":{"title":"Fale Conosco - Blog da Poolseg","robots":{"index":"index","follow":"follow","max-snippet":"max-snippet:-1","max-image-preview":"max-image-preview:large","max-video-preview":"max-video-preview:-1"},"canonical":"https:\/\/www.poolseg.com.br\/blog\/fale-conosco\/","og_locale":"pt_BR","og_type":"article","og_title":"Fale Conosco - Blog da Poolseg","og_description":"Quer mandar uma mensagem? Para d\u00favidas, solicita\u00e7\u00e3o, reclama\u00e7\u00e3o ou elogio. Caso deseje, voc\u00ea pode entrar","og_url":"https:\/\/www.poolseg.com.br\/blog\/fale-conosco\/","og_site_name":"Blog da Poolseg","article_publisher":"https:\/\/www.facebook.com\/Poolseg\/","article_modified_time":"2024-11-05T14:04:48+00:00","twitter_card":"summary_large_image","schema":{"@context":"https:\/\/schema.org","@graph":[{"@type":"WebPage","@id":"https:\/\/www.poolseg.com.br\/blog\/fale-conosco\/","url":"https:\/\/www.poolseg.com.br\/blog\/fale-conosco\/","name":"Fale Conosco - Blog da Poolseg","isPartOf":{"@id":"https:\/\/www.poolseg.com.br\/blog\/#website"},"datePublished":"2024-11-05T12:37:08+00:00","dateModified":"2024-11-05T14:04:48+00:00","breadcrumb":{"@id":"https:\/\/www.poolseg.com.br\/blog\/fale-conosco\/#breadcrumb"},"inLanguage":"pt-BR","potentialAction":[{"@type":"ReadAction","target":["https:\/\/www.poolseg.com.br\/blog\/fale-conosco\/"]}]},{"@type":"BreadcrumbList","@id":"https:\/\/www.poolseg.com.br\/blog\/fale-conosco\/#breadcrumb","itemListElement":[{"@type":"ListItem","position":1,"name":"Home","item":"https:\/\/www.poolseg.com.br\/blog\/"},{"@type":"ListItem","position":2,"name":"Fale Conosco"}]},{"@type":"WebSite","@id":"https:\/\/www.poolseg.com.br\/blog\/#website","url":"https:\/\/www.poolseg.com.br\/blog\/","name":"Blog da Poolseg","description":"","publisher":{"@id":"https:\/\/www.poolseg.com.br\/blog\/#organization"},"potentialAction":[{"@type":"SearchAction","target":{"@type":"EntryPoint","urlTemplate":"https:\/\/www.poolseg.com.br\/blog\/?s={search_term_string}"},"query-input":{"@type":"PropertyValueSpecification","valueRequired":true,"valueName":"search_term_string"}}],"inLanguage":"pt-BR"},{"@type":"Organization","@id":"https:\/\/www.poolseg.com.br\/blog\/#organization","name":"Poolseg Corretora de Seguros Ltda.","url":"https:\/\/www.poolseg.com.br\/blog\/","logo":{"@type":"ImageObject","inLanguage":"pt-BR","@id":"https:\/\/www.poolseg.com.br\/blog\/#\/schema\/logo\/image\/","url":"https:\/\/www.poolseg.com.br\/blog\/wp-content\/uploads\/2024\/09\/Logo-com-Transparencia.png","contentUrl":"https:\/\/www.poolseg.com.br\/blog\/wp-content\/uploads\/2024\/09\/Logo-com-Transparencia.png","width":1134,"height":850,"caption":"Poolseg Corretora de Seguros Ltda."},"image":{"@id":"https:\/\/www.poolseg.com.br\/blog\/#\/schema\/logo\/image\/"},"sameAs":["https:\/\/www.facebook.com\/Poolseg\/"]}]}},"_links":{"self":[{"href":"https:\/\/www.poolseg.com.br\/blog\/wp-json\/wp\/v2\/pages\/2934","targetHints":{"allow":["GET"]}}],"collection":[{"href":"https:\/\/www.poolseg.com.br\/blog\/wp-json\/wp\/v2\/pages"}],"about":[{"href":"https:\/\/www.poolseg.com.br\/blog\/wp-json\/wp\/v2\/types\/page"}],"author":[{"embeddable":true,"href":"https:\/\/www.poolseg.com.br\/blog\/wp-json\/wp\/v2\/users\/6"}],"replies":[{"embeddable":true,"href":"https:\/\/www.poolseg.com.br\/blog\/wp-json\/wp\/v2\/comments?post=2934"}],"version-history":[{"count":6,"href":"https:\/\/www.poolseg.com.br\/blog\/wp-json\/wp\/v2\/pages\/2934\/revisions"}],"predecessor-version":[{"id":2955,"href":"https:\/\/www.poolseg.com.br\/blog\/wp-json\/wp\/v2\/pages\/2934\/revisions\/2955"}],"wp:attachment":[{"href":"https:\/\/www.poolseg.com.br\/blog\/wp-json\/wp\/v2\/media?parent=2934"}],"curies":[{"name":"wp","href":"https:\/\/api.w.org\/{rel}","templated":true}]}}